{"id":8,"date":"2024-10-23T08:08:22","date_gmt":"2024-10-23T08:08:22","guid":{"rendered":"http:\/\/studioastoria.hu\/?page_id=8"},"modified":"2024-12-05T12:20:06","modified_gmt":"2024-12-05T12:20:06","slug":"fooldal","status":"publish","type":"page","link":"https:\/\/studioastoria.hu\/","title":{"rendered":"F\u0151oldal"},"content":{"rendered":"<p>[et_pb_section fb_built=&#8221;1&#8243; fullwidth=&#8221;on&#8221; _builder_version=&#8221;4.27.2&#8243; _module_preset=&#8221;default&#8221; global_colors_info=&#8221;{}&#8221;][et_pb_fullwidth_slider use_bg_overlay=&#8221;on&#8221; bg_overlay_color=&#8221;rgba(0,0,0,0.78)&#8221; _builder_version=&#8221;4.27.2&#8243; _module_preset=&#8221;default&#8221; header_font=&#8221;||||||||&#8221; header_font_size=&#8221;64px&#8221; body_font_size=&#8221;24px&#8221; body_line_height=&#8221;1.5em&#8221; background_color=&#8221;#e8e8e8&#8243; parallax=&#8221;on&#8221; parallax_method=&#8221;on&#8221; text_orientation=&#8221;left&#8221; auto=&#8221;on&#8221; header_font_size_tablet=&#8221;64px&#8221; header_font_size_phone=&#8221;32px&#8221; header_font_size_last_edited=&#8221;on|phone&#8221; body_font_size_tablet=&#8221;24px&#8221; body_font_size_phone=&#8221;16px&#8221; body_font_size_last_edited=&#8221;on|phone&#8221; global_colors_info=&#8221;{}&#8221;][et_pb_slide heading=&#8221;Fot\u00f3st\u00fadi\u00f3 Kedvez\u0151 \u00e1ron!&#8221; use_bg_overlay=&#8221;on&#8221; bg_overlay_color=&#8221;rgba(0,0,0,0.33)&#8221; _builder_version=&#8221;4.27.2&#8243; _module_preset=&#8221;default&#8221; background_color=&#8221;#e5e5e5&#8243; background_enable_color=&#8221;on&#8221; background_image=&#8221;http:\/\/studioastoria.hu\/wp-content\/uploads\/2024\/10\/IMI_5744-Edit.jpg&#8221; background_enable_image=&#8221;on&#8221; global_colors_info=&#8221;{}&#8221; sticky_transition=&#8221;on&#8221;]<\/p>\n<p>Technikailag j\u00f3l felszerelt st\u00fadi\u00f3t keresel?<\/p>\n<p>&nbsp;<\/p>\n<h4>Sokoldal\u00fa, otthonos,<br \/>p\u00e9nzt\u00e1rcabar\u00e1t St\u00fadi\u00f3 a v\u00e1ros sz\u00edv\u00e9ben<\/h4>\n<p>[\/et_pb_slide][et_pb_slide heading=&#8221;Fot\u00f3st\u00fadi\u00f3 Kedvez\u0151 \u00e1ron!&#8221; use_bg_overlay=&#8221;on&#8221; bg_overlay_color=&#8221;rgba(0,0,0,0.33)&#8221; _builder_version=&#8221;4.27.2&#8243; _module_preset=&#8221;default&#8221; background_color=&#8221;#e5e5e5&#8243; background_enable_color=&#8221;on&#8221; background_image=&#8221;http:\/\/studioastoria.hu\/wp-content\/uploads\/2024\/10\/IM23448-Edit.jpg&#8221; background_enable_image=&#8221;on&#8221; global_colors_info=&#8221;{}&#8221; sticky_transition=&#8221;on&#8221;]<\/p>\n<p>Napf\u00e9nyst\u00fadi\u00f3ra v\u00e1gysz?<\/p>\n<p>&nbsp;<\/p>\n<h4>Sokoldal\u00fa, otthonos,<br \/>p\u00e9nzt\u00e1rcabar\u00e1t St\u00fadi\u00f3 a v\u00e1ros sz\u00edv\u00e9ben<\/h4>\n<p>[\/et_pb_slide][\/et_pb_fullwidth_slider][\/et_pb_section][et_pb_section fb_built=&#8221;1&#8243; _builder_version=&#8221;4.27.2&#8243; _module_preset=&#8221;default&#8221; global_colors_info=&#8221;{}&#8221;][et_pb_row column_structure=&#8221;1_2,1_2&#8243; _builder_version=&#8221;4.27.2&#8243; _module_preset=&#8221;default&#8221; global_colors_info=&#8221;{}&#8221;][et_pb_column type=&#8221;1_2&#8243; _builder_version=&#8221;4.27.2&#8243; _module_preset=&#8221;default&#8221; global_colors_info=&#8221;{}&#8221;][et_pb_text _builder_version=&#8221;4.27.2&#8243; _module_preset=&#8221;default&#8221; global_colors_info=&#8221;{}&#8221;]<\/p>\n<p style=\"text-align: left;\"><span style=\"color: #000000;\"><strong>Studio Astoria<\/strong><\/span><\/p>\n<p style=\"text-align: left;\">egy olyan dinamikusan fejl\u0151d\u0151 belv\u00e1rosi st\u00fadi\u00f3, amely kiv\u00e1l\u00f3 otthont ny\u00fajt a divatszakm\u00e1ban dolgoz\u00f3k kreat\u00edv projektjeihez, munk\u00e1ihoz. Nagy t\u00e9rrel, 2 teremmel, egy hangulatos el\u0151t\u00e9rrel, \u00e9s kellemes atmoszf\u00e9r\u00e1val v\u00e1runk Titeket!<\/p>\n<p style=\"text-align: left;\">A st\u00fadi\u00f3 ide\u00e1lis kialak\u00edt\u00e1sa miatt teljesen k\u00f6rbej\u00e1rhat\u00f3, k\u00fcl\u00f6n ny\u00edl\u00f3, egybenyithat\u00f3, illetve elv\u00e1laszthat\u00f3 terekkel, \u00edgy ide\u00e1lis nagyobb projektek, vagy castingok lebonyol\u00edt\u00e1s\u00e1ra is.<\/p>\n<h5><\/h5>\n<p>&nbsp;<\/p>\n<p>[\/et_pb_text][\/et_pb_column][et_pb_column type=&#8221;1_2&#8243; _builder_version=&#8221;4.27.2&#8243; _module_preset=&#8221;default&#8221; global_colors_info=&#8221;{}&#8221;][et_pb_gallery gallery_ids=&#8221;258406,258403,258421,258557&#8243; fullwidth=&#8221;on&#8221; _builder_version=&#8221;4.27.2&#8243; _module_preset=&#8221;default&#8221; auto=&#8221;on&#8221; global_colors_info=&#8221;{}&#8221;][\/et_pb_gallery][\/et_pb_column][\/et_pb_row][\/et_pb_section][et_pb_section fb_built=&#8221;1&#8243; _builder_version=&#8221;4.27.2&#8243; _module_preset=&#8221;default&#8221; background_color=&#8221;#FFFFFF&#8221; custom_padding=&#8221;52px|||||&#8221; global_colors_info=&#8221;{}&#8221;][et_pb_row _builder_version=&#8221;4.27.2&#8243; _module_preset=&#8221;default&#8221; custom_padding=&#8221;||0px|||&#8221; global_colors_info=&#8221;{}&#8221;][et_pb_column type=&#8221;4_4&#8243; _builder_version=&#8221;4.27.2&#8243; _module_preset=&#8221;default&#8221; global_colors_info=&#8221;{}&#8221;][et_pb_text _builder_version=&#8221;4.27.2&#8243; _module_preset=&#8221;default&#8221; text_font_size=&#8221;17px&#8221; header_2_font=&#8221;|800|||||||&#8221; header_2_font_size=&#8221;46px&#8221; text_orientation=&#8221;center&#8221; header_2_font_size_tablet=&#8221;46px&#8221; header_2_font_size_phone=&#8221;36px&#8221; header_2_font_size_last_edited=&#8221;on|phone&#8221; global_colors_info=&#8221;{}&#8221;]<\/p>\n<h3><span>FOT\u00d3ST\u00daDI\u00d3T KERESEL VAGY<br \/>SMINKSZALONT?<\/span><\/h3>\n<p><span><\/span><\/p>\n<p><span><span style=\"font-weight: 400;\">Mindkett\u0151t megtal\u00e1ltad, a fot\u00f3st\u00fadi\u00f3n k\u00edv\u00fcl egy nagy, felszerelt sminkes szalonnal is v\u00e1runk<\/span><br \/><\/span><\/p>\n<p>[\/et_pb_text][\/et_pb_column][\/et_pb_row][\/et_pb_section][et_pb_section fb_built=&#8221;1&#8243; _builder_version=&#8221;4.27.2&#8243; _module_preset=&#8221;default&#8221; background_color=&#8221;#f9f9f9&#8243; custom_padding=&#8221;30px||30px||true|false&#8221; global_colors_info=&#8221;{}&#8221;][et_pb_row column_structure=&#8221;1_2,1_2&#8243; use_custom_gutter=&#8221;on&#8221; gutter_width=&#8221;2&#8243; _builder_version=&#8221;4.27.2&#8243; _module_preset=&#8221;default&#8221; width=&#8221;100%&#8221; max_width=&#8221;1400px&#8221; min_height=&#8221;614.4px&#8221; custom_padding=&#8221;0px||0px|||&#8221; global_colors_info=&#8221;{}&#8221;][et_pb_column type=&#8221;1_2&#8243; _builder_version=&#8221;4.27.2&#8243; _module_preset=&#8221;default&#8221; global_colors_info=&#8221;{}&#8221;][et_pb_cta title=&#8221;Fot\u00f3st\u00fadi\u00f3&#8221; button_url=&#8221;@ET-DC@eyJkeW5hbWljIjp0cnVlLCJjb250ZW50IjoicG9zdF9saW5rX3VybF9wYWdlIiwic2V0dGluZ3MiOnsicG9zdF9pZCI6IjI1ODM1OCJ9fQ==@&#8221; button_text=&#8221;Tov\u00e1bb a fot\u00f3st\u00fadi\u00f3hoz&#8221; _builder_version=&#8221;4.27.2&#8243; _dynamic_attributes=&#8221;button_url&#8221; _module_preset=&#8221;default&#8221; header_font=&#8221;||||||||&#8221; header_font_size=&#8221;50px&#8221; background_color=&#8221;rgba(0,0,0,0.61)&#8221; background_image=&#8221;http:\/\/studioastoria.hu\/wp-content\/uploads\/2024\/10\/IMI_5744-Edit.jpg&#8221; background_blend=&#8221;hue&#8221; min_height=&#8221;500px&#8221; custom_padding=&#8221;20vh||20vh||true|false&#8221; hover_enabled=&#8221;0&#8243; global_colors_info=&#8221;{}&#8221; sticky_enabled=&#8221;0&#8243;]<\/p>\n<p>Napf\u00e9nyre v\u00e1gysz,<br \/>vagy j\u00f3l felszerelt technikai st\u00fadi\u00f3t keresel?<\/p>\n<p>&nbsp;<\/p>\n<p>[\/et_pb_cta][\/et_pb_column][et_pb_column type=&#8221;1_2&#8243; _builder_version=&#8221;4.27.2&#8243; _module_preset=&#8221;default&#8221; global_colors_info=&#8221;{}&#8221;][et_pb_cta title=&#8221;Sminkszalon&#8221; button_url=&#8221;@ET-DC@eyJkeW5hbWljIjp0cnVlLCJjb250ZW50IjoicG9zdF9saW5rX3VybF9wYWdlIiwic2V0dGluZ3MiOnsicG9zdF9pZCI6IjI1ODM1NiJ9fQ==@&#8221; button_text=&#8221;Tov\u00e1bb a sminkszalonhoz&#8221; _builder_version=&#8221;4.27.2&#8243; _dynamic_attributes=&#8221;button_url&#8221; _module_preset=&#8221;default&#8221; header_font=&#8221;||||||||&#8221; header_font_size=&#8221;50px&#8221; background_color=&#8221;rgba(0,0,0,0.61)&#8221; background_image=&#8221;http:\/\/studioastoria.hu\/wp-content\/uploads\/2024\/10\/IM23436.jpg&#8221; background_blend=&#8221;hue&#8221; min_height=&#8221;504px&#8221; custom_margin=&#8221;||-40px|||&#8221; custom_padding=&#8221;20vh||20vh||true|false&#8221; hover_enabled=&#8221;0&#8243; global_colors_info=&#8221;{}&#8221; sticky_enabled=&#8221;0&#8243;]<\/p>\n<p>Oktatni szeretn\u00e9l, vagy workshopot tartani? Vagy az el\u0151k\u00e9sz\u00fcletekhez kell egy erre alkalmas t\u00e9r?<\/p>\n<p>&nbsp;<\/p>\n<p><span style=\"font-weight: 400;\"><\/span><\/p>\n<p>[\/et_pb_cta][\/et_pb_column][\/et_pb_row][\/et_pb_section][et_pb_section fb_built=&#8221;1&#8243; _builder_version=&#8221;4.27.2&#8243; _module_preset=&#8221;default&#8221; custom_padding=&#8221;30px|||||&#8221; global_colors_info=&#8221;{}&#8221;][et_pb_row column_structure=&#8221;1_3,1_3,1_3&#8243; _builder_version=&#8221;4.27.2&#8243; _module_preset=&#8221;default&#8221; custom_margin=&#8221;56px|auto||auto||&#8221; global_colors_info=&#8221;{}&#8221;][et_pb_column type=&#8221;1_3&#8243; _builder_version=&#8221;4.27.2&#8243; _module_preset=&#8221;default&#8221; global_colors_info=&#8221;{}&#8221;][et_pb_blurb title=&#8221;Napf\u00e9ny \u00e9s technikai st\u00fadi\u00f3&#8221; image=&#8221;http:\/\/studioastoria.hu\/wp-content\/uploads\/2024\/10\/9056988_live_photo_icon.png&#8221; image_icon_width=&#8221;38%&#8221; _builder_version=&#8221;4.27.2&#8243; _module_preset=&#8221;default&#8221; header_font_size=&#8221;26px&#8221; text_orientation=&#8221;center&#8221; global_colors_info=&#8221;{}&#8221;]<\/p>\n<p><span style=\"font-weight: 400;\">Term\u00e9szetes f\u00e9nnyel \u00e9s technikai vil\u00e1g\u00edt\u00e1ssal is tudsz n\u00e1lunk dolgozni<\/span><\/p>\n<p>[\/et_pb_blurb][\/et_pb_column][et_pb_column type=&#8221;1_3&#8243; _builder_version=&#8221;4.27.2&#8243; _module_preset=&#8221;default&#8221; global_colors_info=&#8221;{}&#8221;][et_pb_blurb title=&#8221;Ingyenes eszk\u00f6zhaszn\u00e1lat&#8221; image=&#8221;http:\/\/studioastoria.hu\/wp-content\/uploads\/2024\/10\/753932_equipment_photo_camera_image_photography_icon.png&#8221; image_icon_width=&#8221;38%&#8221; _builder_version=&#8221;4.27.2&#8243; _module_preset=&#8221;default&#8221; header_font_size=&#8221;26px&#8221; text_orientation=&#8221;center&#8221; global_colors_info=&#8221;{}&#8221;]<\/p>\n<p><span style=\"font-weight: 400;\">N\u00e1lunk nem kell sz\u00e1m\u00edtanod rejtett k\u00f6lts\u00e9gekre!<\/span><\/p>\n<p>[\/et_pb_blurb][\/et_pb_column][et_pb_column type=&#8221;1_3&#8243; _builder_version=&#8221;4.27.2&#8243; _module_preset=&#8221;default&#8221; global_colors_info=&#8221;{}&#8221;][et_pb_blurb title=&#8221;Wifi&#8221; image=&#8221;http:\/\/studioastoria.hu\/wp-content\/uploads\/2024\/10\/925808_wifi_icon.png&#8221; image_icon_width=&#8221;38%&#8221; _builder_version=&#8221;4.27.2&#8243; _module_preset=&#8221;default&#8221; header_font_size=&#8221;26px&#8221; text_orientation=&#8221;center&#8221; global_colors_info=&#8221;{}&#8221;]<\/p>\n<p><span style=\"font-weight: 400;\">Nagy teljes\u00edtm\u00e9ny\u0171 wifi v\u00e1r r\u00e1d st\u00fadi\u00f3nkban.<\/span><\/p>\n<p>[\/et_pb_blurb][\/et_pb_column][\/et_pb_row][et_pb_row column_structure=&#8221;1_3,1_3,1_3&#8243; _builder_version=&#8221;4.27.2&#8243; _module_preset=&#8221;default&#8221; global_colors_info=&#8221;{}&#8221;][et_pb_column type=&#8221;1_3&#8243; _builder_version=&#8221;4.27.2&#8243; _module_preset=&#8221;default&#8221; global_colors_info=&#8221;{}&#8221;][et_pb_blurb title=&#8221;K\u00f6nnyen megk\u00f6zel\u00edthet\u0151&#8221; image=&#8221;http:\/\/studioastoria.hu\/wp-content\/uploads\/2024\/10\/8665825_train_transport_icon.png&#8221; image_icon_width=&#8221;38%&#8221; _builder_version=&#8221;4.27.2&#8243; _module_preset=&#8221;default&#8221; header_font_size=&#8221;26px&#8221; text_orientation=&#8221;center&#8221; global_colors_info=&#8221;{}&#8221;]<\/p>\n<p><span style=\"font-weight: 400;\">A belv\u00e1ros sz\u00edv\u00e9ben v\u00e1runk k\u00f6nnyen megk\u00f6zel\u00edthet\u0151 helyen.<\/span><\/p>\n<p>[\/et_pb_blurb][\/et_pb_column][et_pb_column type=&#8221;1_3&#8243; _builder_version=&#8221;4.27.2&#8243; _module_preset=&#8221;default&#8221; global_colors_info=&#8221;{}&#8221;][et_pb_blurb title=&#8221;Otthonos k\u00f6rnyezet&#8221; image=&#8221;http:\/\/studioastoria.hu\/wp-content\/uploads\/2024\/10\/8665531_house_icon.png&#8221; image_icon_width=&#8221;38%&#8221; _builder_version=&#8221;4.27.2&#8243; _module_preset=&#8221;default&#8221; header_font_size=&#8221;26px&#8221; text_orientation=&#8221;center&#8221; global_colors_info=&#8221;{}&#8221;]<\/p>\n<p><span style=\"font-weight: 400;\">Kellemes, m\u0171v\u00e9szi k\u00f6rnyezettel v\u00e1runk titeket!<\/span><span style=\"font-weight: 400;\"><br \/><\/span><\/p>\n<p>[\/et_pb_blurb][\/et_pb_column][et_pb_column type=&#8221;1_3&#8243; _builder_version=&#8221;4.27.2&#8243; _module_preset=&#8221;default&#8221; global_colors_info=&#8221;{}&#8221;][et_pb_blurb title=&#8221;Di\u00e1kkedvezm\u00e9ny&#8221; image=&#8221;http:\/\/studioastoria.hu\/wp-content\/uploads\/2024\/10\/309036_student_education_study_icon.png&#8221; image_icon_width=&#8221;38%&#8221; _builder_version=&#8221;4.27.2&#8243; _module_preset=&#8221;default&#8221; header_font_size=&#8221;26px&#8221; text_orientation=&#8221;center&#8221; global_colors_info=&#8221;{}&#8221;]<\/p>\n<p><span style=\"font-weight: 400;\">Di\u00e1koknak 20% kedvezm\u00e9nyt adunk a st\u00fadi\u00f3b\u00e9rl\u00e9shez!<\/span><\/p>\n<p>[\/et_pb_blurb][\/et_pb_column][\/et_pb_row][\/et_pb_section][et_pb_section fb_built=&#8221;1&#8243; _builder_version=&#8221;4.27.2&#8243; _module_preset=&#8221;default&#8221; background_color=&#8221;#FFFFFF&#8221; global_colors_info=&#8221;{}&#8221;][et_pb_row _builder_version=&#8221;4.27.2&#8243; _module_preset=&#8221;default&#8221; global_colors_info=&#8221;{}&#8221;][et_pb_column type=&#8221;4_4&#8243; _builder_version=&#8221;4.27.2&#8243; _module_preset=&#8221;default&#8221; global_colors_info=&#8221;{}&#8221;][et_pb_button button_url=&#8221;https:\/\/studioastoria.hu\/index.php\/kapcsolat\/&#8221; button_text=&#8221;FOGLALJ MOST!&#8221; button_alignment=&#8221;center&#8221; _builder_version=&#8221;4.27.2&#8243; _module_preset=&#8221;default&#8221; global_colors_info=&#8221;{}&#8221;][\/et_pb_button][\/et_pb_column][\/et_pb_row][\/et_pb_section]<\/p>\n","protected":false},"excerpt":{"rendered":"<p>Technikailag j\u00f3l felszerelt st\u00fadi\u00f3t keresel? &nbsp; Sokoldal\u00fa, otthonos,p\u00e9nzt\u00e1rcabar\u00e1t St\u00fadi\u00f3 a v\u00e1ros sz\u00edv\u00e9benNapf\u00e9nyst\u00fadi\u00f3ra v\u00e1gysz? &nbsp; Sokoldal\u00fa, otthonos,p\u00e9nzt\u00e1rcabar\u00e1t St\u00fadi\u00f3 a v\u00e1ros sz\u00edv\u00e9benStudio Astoria egy olyan dinamikusan fejl\u0151d\u0151 belv\u00e1rosi st\u00fadi\u00f3, amely kiv\u00e1l\u00f3 otthont ny\u00fajt a divatszakm\u00e1ban dolgoz\u00f3k kreat\u00edv projektjeihez, munk\u00e1ihoz. Nagy t\u00e9rrel, 2 teremmel, egy hangulatos el\u0151t\u00e9rrel, \u00e9s kellemes atmoszf\u00e9r\u00e1val v\u00e1runk Titeket! A st\u00fadi\u00f3 ide\u00e1lis kialak\u00edt\u00e1sa miatt teljesen [&hellip;]<\/p>\n","protected":false},"author":1,"featured_media":258884,"parent":0,"menu_order":0,"comment_status":"closed","ping_status":"closed","template":"","meta":{"_et_pb_use_builder":"on","_et_pb_old_content":"","_et_gb_content_width":"","inline_featured_image":false,"footnotes":""},"class_list":["post-8","page","type-page","status-publish","has-post-thumbnail","hentry"],"_links":{"self":[{"href":"https:\/\/studioastoria.hu\/index.php\/wp-json\/wp\/v2\/pages\/8","targetHints":{"allow":["GET"]}}],"collection":[{"href":"https:\/\/studioastoria.hu\/index.php\/wp-json\/wp\/v2\/pages"}],"about":[{"href":"https:\/\/studioastoria.hu\/index.php\/wp-json\/wp\/v2\/types\/page"}],"author":[{"embeddable":true,"href":"https:\/\/studioastoria.hu\/index.php\/wp-json\/wp\/v2\/users\/1"}],"replies":[{"embeddable":true,"href":"https:\/\/studioastoria.hu\/index.php\/wp-json\/wp\/v2\/comments?post=8"}],"version-history":[{"count":48,"href":"https:\/\/studioastoria.hu\/index.php\/wp-json\/wp\/v2\/pages\/8\/revisions"}],"predecessor-version":[{"id":258946,"href":"https:\/\/studioastoria.hu\/index.php\/wp-json\/wp\/v2\/pages\/8\/revisions\/258946"}],"wp:featuredmedia":[{"embeddable":true,"href":"https:\/\/studioastoria.hu\/index.php\/wp-json\/wp\/v2\/media\/258884"}],"wp:attachment":[{"href":"https:\/\/studioastoria.hu\/index.php\/wp-json\/wp\/v2\/media?parent=8"}],"curies":[{"name":"wp","href":"https:\/\/api.w.org\/{rel}","templated":true}]}}