{"id":30,"date":"2024-10-23T08:22:59","date_gmt":"2024-10-23T08:22:59","guid":{"rendered":"http:\/\/studioastoria.hu\/?page_id=30"},"modified":"2024-12-05T12:37:07","modified_gmt":"2024-12-05T12:37:07","slug":"kapcsolat","status":"publish","type":"page","link":"https:\/\/studioastoria.hu\/index.php\/kapcsolat\/","title":{"rendered":"Kapcsolat"},"content":{"rendered":"<p>[et_pb_section fb_built=&#8221;1&#8243; fullwidth=&#8221;on&#8221; _builder_version=&#8221;4.27.2&#8243; _module_preset=&#8221;default&#8221; background_color=&#8221;rgba(0,0,0,0.83)&#8221; background_image=&#8221;http:\/\/studioastoria.hu\/wp-content\/uploads\/2024\/10\/IMI_5744-Edit.jpg&#8221; parallax=&#8221;on&#8221; background_blend=&#8221;hue&#8221; global_colors_info=&#8221;{}&#8221;][et_pb_fullwidth_post_title meta=&#8221;off&#8221; featured_image=&#8221;off&#8221; _builder_version=&#8221;4.27.2&#8243; _module_preset=&#8221;default&#8221; title_text_align=&#8221;center&#8221; title_text_color=&#8221;#000000&#8243; title_font_size=&#8221;73px&#8221; background_color=&#8221;#FFFFFF&#8221; custom_padding=&#8221;109px||109px||true|&#8221; title_font_size_tablet=&#8221;73px&#8221; title_font_size_phone=&#8221;42px&#8221; title_font_size_last_edited=&#8221;on|phone&#8221; global_colors_info=&#8221;{}&#8221;][\/et_pb_fullwidth_post_title][\/et_pb_section][et_pb_section fb_built=&#8221;1&#8243; _builder_version=&#8221;4.27.2&#8243; _module_preset=&#8221;default&#8221; background_color=&#8221;#000000&#8243; global_colors_info=&#8221;{}&#8221;][et_pb_row _builder_version=&#8221;4.27.2&#8243; _module_preset=&#8221;default&#8221; global_colors_info=&#8221;{}&#8221;][et_pb_column type=&#8221;4_4&#8243; _builder_version=&#8221;4.27.2&#8243; _module_preset=&#8221;default&#8221; global_colors_info=&#8221;{}&#8221;][et_pb_text _builder_version=&#8221;4.27.2&#8243; _module_preset=&#8221;default&#8221; hover_enabled=&#8221;0&#8243; global_colors_info=&#8221;{}&#8221; sticky_enabled=&#8221;0&#8243;]<\/p>\n<pre style=\"text-align: center;\"><span style=\"color: #ffffff;\"><strong>C\u00edm:\n<\/strong>1075 BP, K\u00e1roly k\u00f6r\u00fat. 3\/a,<\/span><\/pre>\n<pre style=\"text-align: center;\"><span style=\"color: #ffffff;\">58-as kapucseng\u0151,<\/span><\/pre>\n<pre style=\"text-align: center;\"><span style=\"color: #ffffff;\">2. emelet 6.<\/span><\/pre>\n<pre style=\"text-align: center;\"><span style=\"color: #ffffff;\"><strong style=\"font-size: 18px;\">Telefon:\n<\/strong>+36707092708<\/span><\/pre>\n<pre style=\"text-align: center;\"><span style=\"color: #ffffff;\"><strong>Email:\n<\/strong><a href=\"mailto:foglalas@studioastoria.hu\" style=\"color: #ffffff;\">foglalas@studioastoria.h<\/a><a href=\"mailto:foglalas@studioastoria.hu\" style=\"color: #ffffff;\">u<\/a><\/span><\/pre>\n<p>&nbsp;<\/p>\n<pre style=\"text-align: center;\"><strong><span style=\"color: #ffffff;\">Nyitvatart\u00e1s:<\/span><\/strong>\n<span style=\"color: #ffffff;\">H-V 09:00-19:00<\/span><\/pre>\n<p>&nbsp;<\/p>\n<p>[\/et_pb_text][\/et_pb_column][\/et_pb_row][\/et_pb_section][et_pb_section fb_built=&#8221;1&#8243; _builder_version=&#8221;4.27.2&#8243; _module_preset=&#8221;default&#8221; global_colors_info=&#8221;{}&#8221;][et_pb_row column_structure=&#8221;1_2,1_2&#8243; _builder_version=&#8221;4.27.2&#8243; _module_preset=&#8221;default&#8221; global_colors_info=&#8221;{}&#8221;][et_pb_column type=&#8221;1_2&#8243; _builder_version=&#8221;4.27.2&#8243; _module_preset=&#8221;default&#8221; global_colors_info=&#8221;{}&#8221;][et_pb_map address=&#8221;Budapest, K\u00e1roly krt. 3, 1075 Magyarorsz\u00e1g&#8221; address_lat=&#8221;47.4955289&#8243; address_lng=&#8221;19.059554&#8243; _builder_version=&#8221;4.27.2&#8243; _module_preset=&#8221;default&#8221; height=&#8221;547px&#8221; child_filter_hue_rotate=&#8221;204deg&#8221; child_filter_saturate=&#8221;102%&#8221; global_colors_info=&#8221;{}&#8221;][et_pb_map_pin title=&#8221;Studio Astoria&#8221; pin_address=&#8221;Budapest, K\u00e1roly krt. 3\/a, 1075 Magyarorsz\u00e1g&#8221; zoom_level=&#8221;11&#8243; pin_address_lat=&#8221;47.4952577&#8243; pin_address_lng=&#8221;19.0596813&#8243; _builder_version=&#8221;4.27.2&#8243; _module_preset=&#8221;default&#8221; global_colors_info=&#8221;{}&#8221;]<\/p>\n<p>Studio Astoria<\/p>\n<p>[\/et_pb_map_pin][\/et_pb_map][\/et_pb_column][et_pb_column type=&#8221;1_2&#8243; _builder_version=&#8221;4.27.2&#8243; _module_preset=&#8221;default&#8221; global_colors_info=&#8221;{}&#8221;][et_pb_contact_form captcha=&#8221;off&#8221; email=&#8221;foglalas@studioastoria.hu&#8221; title=&#8221;Foglalj id\u0151pontot most!&#8221; success_message=&#8221;A k\u00fcld\u00e9s sikeres volt! K\u00f6sz\u00f6nj\u00fck! Amennyiben m\u00e9g nem tette meg, k\u00e9rj\u00fck olvassa el a st\u00fadi\u00f3 szab\u00e1lyzat\u00e1t!&#8221; submit_button_text=&#8221;Foglalok&#8221; _builder_version=&#8221;4.27.2&#8243; _module_preset=&#8221;default&#8221; _unique_id=&#8221;55d72c21-6b99-4d47-b101-2754e5579a67&#8243; title_text_align=&#8221;center&#8221; title_font_size=&#8221;34px&#8221; custom_button=&#8221;on&#8221; button_text_color=&#8221;#000000&#8243; global_colors_info=&#8221;{}&#8221;][et_pb_contact_field field_id=&#8221;Name&#8221; field_title=&#8221;N\u00e9v&#8221; _builder_version=&#8221;4.16&#8243; global_colors_info=&#8221;{}&#8221; button_text_size__hover_enabled=&#8221;off&#8221; button_one_text_size__hover_enabled=&#8221;off&#8221; button_two_text_size__hover_enabled=&#8221;off&#8221; button_text_color__hover_enabled=&#8221;off&#8221; button_one_text_color__hover_enabled=&#8221;off&#8221; button_two_text_color__hover_enabled=&#8221;off&#8221; button_border_width__hover_enabled=&#8221;off&#8221; button_one_border_width__hover_enabled=&#8221;off&#8221; button_two_border_width__hover_enabled=&#8221;off&#8221; button_border_color__hover_enabled=&#8221;off&#8221; button_one_border_color__hover_enabled=&#8221;off&#8221; button_two_border_color__hover_enabled=&#8221;off&#8221; button_border_radius__hover_enabled=&#8221;off&#8221; button_one_border_radius__hover_enabled=&#8221;off&#8221; button_two_border_radius__hover_enabled=&#8221;off&#8221; button_letter_spacing__hover_enabled=&#8221;off&#8221; button_one_letter_spacing__hover_enabled=&#8221;off&#8221; button_two_letter_spacing__hover_enabled=&#8221;off&#8221; button_bg_color__hover_enabled=&#8221;off&#8221; button_one_bg_color__hover_enabled=&#8221;off&#8221; button_two_bg_color__hover_enabled=&#8221;off&#8221;][\/et_pb_contact_field][et_pb_contact_field field_id=&#8221;Email&#8221; field_title=&#8221;Email c\u00edm&#8221; field_type=&#8221;email&#8221; _builder_version=&#8221;4.27.2&#8243; global_colors_info=&#8221;{}&#8221; button_text_size__hover_enabled=&#8221;off&#8221; button_one_text_size__hover_enabled=&#8221;off&#8221; button_two_text_size__hover_enabled=&#8221;off&#8221; button_text_color__hover_enabled=&#8221;off&#8221; button_one_text_color__hover_enabled=&#8221;off&#8221; button_two_text_color__hover_enabled=&#8221;off&#8221; button_border_width__hover_enabled=&#8221;off&#8221; button_one_border_width__hover_enabled=&#8221;off&#8221; button_two_border_width__hover_enabled=&#8221;off&#8221; button_border_color__hover_enabled=&#8221;off&#8221; button_one_border_color__hover_enabled=&#8221;off&#8221; button_two_border_color__hover_enabled=&#8221;off&#8221; button_border_radius__hover_enabled=&#8221;off&#8221; button_one_border_radius__hover_enabled=&#8221;off&#8221; button_two_border_radius__hover_enabled=&#8221;off&#8221; button_letter_spacing__hover_enabled=&#8221;off&#8221; button_one_letter_spacing__hover_enabled=&#8221;off&#8221; button_two_letter_spacing__hover_enabled=&#8221;off&#8221; button_bg_color__hover_enabled=&#8221;off&#8221; button_one_bg_color__hover_enabled=&#8221;off&#8221; button_two_bg_color__hover_enabled=&#8221;off&#8221;][\/et_pb_contact_field][et_pb_contact_field field_id=&#8221;Message&#8221; field_title=&#8221;\u00dczenet&#8221; field_type=&#8221;text&#8221; fullwidth_field=&#8221;on&#8221; _builder_version=&#8221;4.16&#8243; global_colors_info=&#8221;{}&#8221; button_text_size__hover_enabled=&#8221;off&#8221; button_one_text_size__hover_enabled=&#8221;off&#8221; button_two_text_size__hover_enabled=&#8221;off&#8221; button_text_color__hover_enabled=&#8221;off&#8221; button_one_text_color__hover_enabled=&#8221;off&#8221; button_two_text_color__hover_enabled=&#8221;off&#8221; button_border_width__hover_enabled=&#8221;off&#8221; button_one_border_width__hover_enabled=&#8221;off&#8221; button_two_border_width__hover_enabled=&#8221;off&#8221; button_border_color__hover_enabled=&#8221;off&#8221; button_one_border_color__hover_enabled=&#8221;off&#8221; button_two_border_color__hover_enabled=&#8221;off&#8221; button_border_radius__hover_enabled=&#8221;off&#8221; button_one_border_radius__hover_enabled=&#8221;off&#8221; button_two_border_radius__hover_enabled=&#8221;off&#8221; button_letter_spacing__hover_enabled=&#8221;off&#8221; button_one_letter_spacing__hover_enabled=&#8221;off&#8221; button_two_letter_spacing__hover_enabled=&#8221;off&#8221; button_bg_color__hover_enabled=&#8221;off&#8221; button_one_bg_color__hover_enabled=&#8221;off&#8221; button_two_bg_color__hover_enabled=&#8221;off&#8221;][\/et_pb_contact_field][et_pb_contact_field field_id=&#8221;phone&#8221; field_title=&#8221;Telefonsz\u00e1m&#8221; fullwidth_field=&#8221;on&#8221; _builder_version=&#8221;4.27.2&#8243; _module_preset=&#8221;default&#8221; form_field_text_align=&#8221;left&#8221; global_colors_info=&#8221;{}&#8221;][\/et_pb_contact_field][et_pb_contact_field field_id=&#8221;date&#8221; field_title=&#8221;D\u00e1tum&#8221; fullwidth_field=&#8221;on&#8221; _builder_version=&#8221;4.27.2&#8243; _module_preset=&#8221;default&#8221; global_colors_info=&#8221;{}&#8221;][\/et_pb_contact_field][et_pb_contact_field field_id=&#8221;Time&#8221; field_title=&#8221;Id\u0151intervallum&#8221; fullwidth_field=&#8221;on&#8221; _builder_version=&#8221;4.27.2&#8243; _module_preset=&#8221;default&#8221; global_colors_info=&#8221;{}&#8221;][\/et_pb_contact_field][et_pb_contact_field field_id=&#8221;Subject&#8221; field_title=&#8221;Foglal\u00e1s&#8221; field_type=&#8221;select&#8221; select_options=&#8221;%91{%22value%22:%22St\u00fadi\u00f3 foglal\u00e1s%22,%22checked%22:0,%22dragID%22:-1},{%22value%22:%22Sminkszalon foglal\u00e1s%22,%22checked%22:0,%22dragID%22:0},{%22value%22:%22\u00c1raj\u00e1nlat k\u00e9r\u00e9s fot\u00f3z\u00e1sra%22,%22checked%22:0,%22dragID%22:1},{%22value%22:%22Egy\u00e9b%22,%22checked%22:0,%22dragID%22:2}%93&#8243; required_mark=&#8221;off&#8221; fullwidth_field=&#8221;on&#8221; _builder_version=&#8221;4.27.2&#8243; _module_preset=&#8221;default&#8221; global_colors_info=&#8221;{}&#8221;][\/et_pb_contact_field][\/et_pb_contact_form][\/et_pb_column][\/et_pb_row][\/et_pb_section][et_pb_section fb_built=&#8221;1&#8243; _builder_version=&#8221;4.27.2&#8243; _module_preset=&#8221;default&#8221; background_color=&#8221;#000000&#8243; global_colors_info=&#8221;{}&#8221;][et_pb_row _builder_version=&#8221;4.27.2&#8243; _module_preset=&#8221;default&#8221; background_color=&#8221;#FFFFFF&#8221; global_colors_info=&#8221;{}&#8221;][et_pb_column type=&#8221;4_4&#8243; _builder_version=&#8221;4.27.2&#8243; _module_preset=&#8221;default&#8221; global_colors_info=&#8221;{}&#8221;][et_pb_text _builder_version=&#8221;4.27.2&#8243; _module_preset=&#8221;default&#8221; global_colors_info=&#8221;{}&#8221;]<\/p>\n<p style=\"text-align: center;\"><span style=\"color: #ffffff;\">A<span style=\"color: #000000;\">Heti Bont\u00e1s n\u00e9zetet aj\u00e1nljuk, ezt a napt\u00e1rak<\/span><br \/><span style=\"color: #000000;\">jobb fels\u0151 sark\u00e1ban tudj\u00e1tok be\u00e1ll\u00edtani!<\/span><\/span><\/p>\n<p>[\/et_pb_text][\/et_pb_column][\/et_pb_row][et_pb_row column_structure=&#8221;1_2,1_2&#8243; _builder_version=&#8221;4.27.2&#8243; _module_preset=&#8221;default&#8221; global_colors_info=&#8221;{}&#8221;][et_pb_column type=&#8221;1_2&#8243; _builder_version=&#8221;4.27.2&#8243; _module_preset=&#8221;default&#8221; global_colors_info=&#8221;{}&#8221;][et_pb_text _builder_version=&#8221;4.27.2&#8243; _module_preset=&#8221;default&#8221; global_colors_info=&#8221;{}&#8221;]<\/p>\n<h4 style=\"text-align: center;\"><span style=\"color: #ffffff;\">St\u00fadi\u00f3 Napt\u00e1r<\/span><\/h4>\n<p>[\/et_pb_text][et_pb_code _builder_version=&#8221;4.27.2&#8243; _module_preset=&#8221;default&#8221; background_color=&#8221;#88C4DD&#8221; use_background_color_gradient=&#8221;on&#8221; background_enable_image=&#8221;off&#8221; text_orientation=&#8221;left&#8221; box_shadow_style=&#8221;preset6&#8243; global_colors_info=&#8221;{}&#8221;]<iframe loading=\"lazy\" src=\"https:\/\/calendar.google.com\/calendar\/embed?src=73a7cf6ac17e4449ba96cf510631d25ca5432737e5df1391481d6f2fa03ab26c%40group.calendar.google.com&#038;ctz=Europe%2FBudapest\" style=\"border: 0\" width=\"800\" height=\"600\" frameborder=\"0\" scrolling=\"no\"><\/iframe>[\/et_pb_code][\/et_pb_column][et_pb_column type=&#8221;1_2&#8243; _builder_version=&#8221;4.27.2&#8243; _module_preset=&#8221;default&#8221; global_colors_info=&#8221;{}&#8221;][et_pb_text _builder_version=&#8221;4.27.2&#8243; _module_preset=&#8221;default&#8221; global_colors_info=&#8221;{}&#8221;]<\/p>\n<h4 style=\"text-align: center;\"><span style=\"color: #ffffff;\">Sminkszalon Napt\u00e1r<\/span><\/h4>\n<p>[\/et_pb_text][et_pb_code _builder_version=&#8221;4.27.2&#8243; _module_preset=&#8221;default&#8221; background_color=&#8221;#db935c&#8221; text_orientation=&#8221;left&#8221; box_shadow_style=&#8221;preset1&#8243; global_colors_info=&#8221;{}&#8221;]<iframe loading=\"lazy\" src=\"https:\/\/calendar.google.com\/calendar\/embed?src=97effeec56b6645889b7c926f8fc5890c093dd2f9df07bc48e130785e51fdb08%40group.calendar.google.com&#038;ctz=Europe%2FBudapest\" style=\"border: 0\" width=\"800\" height=\"600\" frameborder=\"0\" scrolling=\"no\"><\/iframe>[\/et_pb_code][\/et_pb_column][\/et_pb_row][\/et_pb_section]<\/p>\n","protected":false},"excerpt":{"rendered":"<p>C\u00edm: 1075 BP, K\u00e1roly k\u00f6r\u00fat. 3\/a, 58-as kapucseng\u0151, 2. emelet 6. Telefon: +36707092708 Email: foglalas@studioastoria.hu &nbsp; Nyitvatart\u00e1s: H-V 09:00-19:00 &nbsp;Studio AstoriaAHeti Bont\u00e1s n\u00e9zetet aj\u00e1nljuk, ezt a napt\u00e1rakjobb fels\u0151 sark\u00e1ban tudj\u00e1tok be\u00e1ll\u00edtani!St\u00fadi\u00f3 Napt\u00e1rSminkszalon Napt\u00e1r<\/p>\n","protected":false},"author":1,"featured_media":258887,"parent":0,"menu_order":0,"comment_status":"closed","ping_status":"closed","template":"","meta":{"_et_pb_use_builder":"on","_et_pb_old_content":"<!-- wp:divi\/placeholder \/-->","_et_gb_content_width":"","inline_featured_image":false,"footnotes":""},"class_list":["post-30","page","type-page","status-publish","has-post-thumbnail","hentry"],"_links":{"self":[{"href":"https:\/\/studioastoria.hu\/index.php\/wp-json\/wp\/v2\/pages\/30","targetHints":{"allow":["GET"]}}],"collection":[{"href":"https:\/\/studioastoria.hu\/index.php\/wp-json\/wp\/v2\/pages"}],"about":[{"href":"https:\/\/studioastoria.hu\/index.php\/wp-json\/wp\/v2\/types\/page"}],"author":[{"embeddable":true,"href":"https:\/\/studioastoria.hu\/index.php\/wp-json\/wp\/v2\/users\/1"}],"replies":[{"embeddable":true,"href":"https:\/\/studioastoria.hu\/index.php\/wp-json\/wp\/v2\/comments?post=30"}],"version-history":[{"count":41,"href":"https:\/\/studioastoria.hu\/index.php\/wp-json\/wp\/v2\/pages\/30\/revisions"}],"predecessor-version":[{"id":258954,"href":"https:\/\/studioastoria.hu\/index.php\/wp-json\/wp\/v2\/pages\/30\/revisions\/258954"}],"wp:featuredmedia":[{"embeddable":true,"href":"https:\/\/studioastoria.hu\/index.php\/wp-json\/wp\/v2\/media\/258887"}],"wp:attachment":[{"href":"https:\/\/studioastoria.hu\/index.php\/wp-json\/wp\/v2\/media?parent=30"}],"curies":[{"name":"wp","href":"https:\/\/api.w.org\/{rel}","templated":true}]}}