{"id":28,"date":"2024-10-23T08:22:18","date_gmt":"2024-10-23T08:22:18","guid":{"rendered":"http:\/\/studioastoria.hu\/?page_id=28"},"modified":"2024-12-24T11:59:25","modified_gmt":"2024-12-24T11:59:25","slug":"szabalyzat","status":"publish","type":"page","link":"https:\/\/studioastoria.hu\/index.php\/szabalyzat\/","title":{"rendered":"Szab\u00e1lyzat"},"content":{"rendered":"<p>[et_pb_section fb_built=&#8221;1&#8243; fullwidth=&#8221;on&#8221; _builder_version=&#8221;4.27.2&#8243; _module_preset=&#8221;default&#8221; background_color=&#8221;rgba(0,0,0,0.83)&#8221; background_image=&#8221;http:\/\/studioastoria.hu\/wp-content\/uploads\/2024\/10\/IMI_5744-Edit.jpg&#8221; parallax=&#8221;on&#8221; background_blend=&#8221;hue&#8221; global_colors_info=&#8221;{}&#8221;][et_pb_fullwidth_post_title meta=&#8221;off&#8221; featured_image=&#8221;off&#8221; _builder_version=&#8221;4.27.2&#8243; _module_preset=&#8221;default&#8221; title_text_align=&#8221;center&#8221; title_text_color=&#8221;#FFFFFF&#8221; title_font_size=&#8221;73px&#8221; background_color=&#8221;#000000&#8243; custom_padding=&#8221;109px||109px||true|&#8221; title_font_size_tablet=&#8221;73px&#8221; title_font_size_phone=&#8221;42px&#8221; title_font_size_last_edited=&#8221;on|phone&#8221; global_colors_info=&#8221;{}&#8221;][\/et_pb_fullwidth_post_title][\/et_pb_section][et_pb_section fb_built=&#8221;1&#8243; _builder_version=&#8221;4.27.2&#8243; _module_preset=&#8221;default&#8221; global_colors_info=&#8221;{}&#8221;][et_pb_row column_structure=&#8221;1_2,1_2&#8243; _builder_version=&#8221;4.27.2&#8243; _module_preset=&#8221;default&#8221; global_colors_info=&#8221;{}&#8221;][et_pb_column type=&#8221;1_2&#8243; _builder_version=&#8221;4.27.2&#8243; _module_preset=&#8221;default&#8221; global_colors_info=&#8221;{}&#8221;][et_pb_text _builder_version=&#8221;4.27.2&#8243; _module_preset=&#8221;default&#8221; global_colors_info=&#8221;{}&#8221;]<\/p>\n<h3 style=\"text-align: center;\">Foglal\u00e1s<\/h3>\n<p>&nbsp;<\/p>\n<p>Id\u0151pontot Online tudtok foglalni az &#8220;Id\u0151pontfoglal\u00f3&#8221; k\u00e9rd\u0151\u00edven kereszt\u00fcl, ahol meg kell adni a neved, email c\u00edmed, telefonsz\u00e1mod, a foglal\u00e1s d\u00e1tum\u00e1t \u00e9s id\u0151pontj\u00e1t, valamint \u00fczenetet is tudtok rajta kereszt\u00fcl k\u00fcldeni nek\u00fcnk.<\/p>\n<p>Amennyiben nem \u00e1ll m\u00f3dodban kit\u00f6lteni az id\u0151pontfoglal\u00f3 \u00edvet, a <a href=\"mailto:foglalas@studioastoria.hu\">foglalas@studioastoria.hu<\/a> levelez\u00e9si c\u00edmen tudj\u00e1tok vel\u00fcnk felvenni a kapcsolatot, vagy a <span style=\"color: #000000;\"><strong>+36707092708<\/strong><\/span> -as telefonsz\u00e1mon.<\/p>\n<p>Minden foglal\u00e1s csak \u00edr\u00e1sos visszaigazol\u00e1s eset\u00e9n \u00e9rv\u00e9nyes. Amennyiben nem kapt\u00e1l visszaigazol\u00f3 emailt, vedd fel vel\u00fcnk a kapcsolatot telefonon!<\/p>\n<p>24 \u00f3r\u00e1n bel\u00fcli foglal\u00e1s eset\u00e9n mindenk\u00e9ppen egyeztess vel\u00fcnk telefonon, hogy el tudjuk fogadni a foglal\u00e1st, \u00e9s tudjunk T\u00e9ged fogadni st\u00fadi\u00f3nkban! 24 \u00f3r\u00e1n bel\u00fcli foglal\u00e1s eset\u00e9n pluszk\u00f6lts\u00e9get sz\u00e1molhatunk fel.<\/p>\n<p>Amennyiben nyitvatart\u00e1si id\u0151n k\u00edv\u00fcl szeretn\u00e9tek b\u00e9relni, azt 20% fel\u00e1r ellen\u00e9ben tehetitek meg!<br \/>(Nyitvatart\u00e1si id\u0151: 09:00-19:00)<\/p>\n<p>&nbsp;<\/p>\n<p>[\/et_pb_text][\/et_pb_column][et_pb_column type=&#8221;1_2&#8243; _builder_version=&#8221;4.27.2&#8243; _module_preset=&#8221;default&#8221; global_colors_info=&#8221;{}&#8221;][et_pb_text _builder_version=&#8221;4.27.2&#8243; _module_preset=&#8221;default&#8221; global_colors_info=&#8221;{}&#8221;]<\/p>\n<h3 style=\"text-align: center;\">Lemond\u00e1s<\/h3>\n<p>&nbsp;<\/p>\n<p>A lefoglalt id\u0151pontot megel\u0151z\u0151 72 \u00f3r\u00e1n bel\u00fcl a b\u00e9rleti d\u00edj 50%-a, 24 \u00f3r\u00e1n bel\u00fcli lemond\u00e1s eset\u00e9n a b\u00e9rleti d\u00edj 100%-a kifizetend\u0151.<\/p>\n<p>Amennyiben az id\u0151pont nem lett m\u00f3dos\u00edtva, lemondva, \u00e9s a b\u00e9rl\u00e9s elmarad a teljes \u00f6sszeg sz\u00e1ml\u00e1z\u00e1sra ker\u00fcl.<\/p>\n<p>Lemond\u00e1st kiz\u00e1r\u00f3lag \u00edr\u00e1sos \u00fczenetben fogadunk el, amit a <a href=\"mailto:foglalas@studioastoria.hu\">foglalas@studioastoria.hu<\/a> levelez\u00e9si c\u00edmen kereszt\u00fcl tudtok megtenni.<\/p>\n<p>St\u00fadi\u00f3nk fenntartja a foglal\u00e1s v\u00e1ltoztat\u00e1s\u00e1nak jog\u00e1t, melyet minden esetben el\u0151zetesen egyeztet\u00fcnk, \u00e9s minden esetben kompenz\u00e1lunk. St\u00fadi\u00f3nk fenntartja mag\u00e1nak a jogot, hogy t\u00f6r\u00f6l minden st\u00fadi\u00f3 foglal\u00e1st el\u0151re nem l\u00e1that\u00f3 vis-major eset\u00e9n,\u00a0 ide \u00e9rtve a nem v\u00e1rt \u00e1ram, vagy v\u00edzszolg\u00e1ltat\u00e1s sz\u00fcneteltet\u00e9s\u00e9t. Vis-major eset\u00e9n igyeksz\u00fcnk alternat\u00edv megold\u00e1st tal\u00e1lni, vagy az elmaradt b\u00e9rl\u00e9st kompenz\u00e1lni.<\/p>\n<p>&nbsp;<\/p>\n<p>&nbsp;<\/p>\n<p>[\/et_pb_text][\/et_pb_column][\/et_pb_row][et_pb_row column_structure=&#8221;1_2,1_2&#8243; _builder_version=&#8221;4.27.2&#8243; _module_preset=&#8221;default&#8221; global_colors_info=&#8221;{}&#8221;][et_pb_column type=&#8221;1_2&#8243; _builder_version=&#8221;4.27.2&#8243; _module_preset=&#8221;default&#8221; global_colors_info=&#8221;{}&#8221;][et_pb_text _builder_version=&#8221;4.27.2&#8243; _module_preset=&#8221;default&#8221; global_colors_info=&#8221;{}&#8221;]<\/p>\n<h3 style=\"text-align: center;\">\u00c9rkez\u00e9s<\/h3>\n<p>&nbsp;<\/p>\n<p>A foglalt id\u0151pontot el\u0151tt legfeljebb 20 perccel kor\u00e1bban \u00e9rkezzetek, kor\u00e1bban nem minden esetben \u00e1ll m\u00f3dunkban fogadni Titeket.<\/p>\n<p>A foglal\u00e1s az \u00e1ltalatok megjel\u00f6lt t\u00e9rre vonatkozik. Amennyiben m\u00e1sik, \u00e9ppen szabad termet szeretn\u00e9tek haszn\u00e1lni, minden esetben jeleznetek kell, ez esetben sz\u00e1moljatok \u00e1rm\u00f3dos\u00edt\u00e1ssal.<\/p>\n<p>A n\u00e1lunk hagyott t\u00e1rgyak\u00e9rt felel\u0151ss\u00e9get nem v\u00e1llalunk. Minden tal\u00e1lt t\u00e1rgyat 2 h\u00f3napig meg\u0151rz\u00fcnk, ezt k\u00f6vet\u0151en leadjuk azt adom\u00e1nyk\u00e9nt.<\/p>\n<p>&nbsp;<\/p>\n<p>[\/et_pb_text][\/et_pb_column][et_pb_column type=&#8221;1_2&#8243; _builder_version=&#8221;4.27.2&#8243; _module_preset=&#8221;default&#8221; global_colors_info=&#8221;{}&#8221;][et_pb_text _builder_version=&#8221;4.27.2&#8243; _module_preset=&#8221;default&#8221; global_colors_info=&#8221;{}&#8221;]<\/p>\n<h3 style=\"text-align: center;\">St\u00fadi\u00f3 berendez\u00e9s<\/h3>\n<p>&nbsp;<\/p>\n<p>A haszn\u00e1lt teret ugyan olyan \u00e1llapotban adj\u00e1tok \u00e1t a b\u00e9rl\u00e9s v\u00e9g\u00e9n, mint ahogy azt a b\u00e9rl\u00e9s kezdetekor \u00e1tvett\u00e9tek. Amennyiben a st\u00fadi\u00f3 berendez\u00e9s\u00e9ben, eszk\u00f6zeiben k\u00e1rt tesztek, annak megt\u00e9r\u00edt\u00e9se a b\u00e9rl\u0151t terheli. Az okozott k\u00e1rt jogosultak vagyunk ut\u00f3lag is kisz\u00e1ml\u00e1zni.<\/p>\n<p>A st\u00fadi\u00f3 eszk\u00f6zeit mindenki saj\u00e1t felel\u0151ss\u00e9gre haszn\u00e1lja, asszisztenci\u00e1t b\u00e1rmikor k\u00e9rhettek t\u0151l\u00fcnk.<\/p>\n<p>Nagyobb, nehezebb kem\u00e9nyebb t\u00e1rgyak mozgat\u00e1s\u00e1n\u00e1l kifejezetten figyeljetek, hogy a parketta ne s\u00e9r\u00fclj\u00f6n, k\u00e1r eset\u00e9n a helyre\u00e1ll\u00edt\u00e1s d\u00edja a b\u00e9rl\u0151t terheli.<\/p>\n<p>&nbsp;<\/p>\n<p>&nbsp;<\/p>\n<p>[\/et_pb_text][\/et_pb_column][\/et_pb_row][et_pb_row column_structure=&#8221;1_2,1_2&#8243; _builder_version=&#8221;4.27.2&#8243; _module_preset=&#8221;default&#8221; global_colors_info=&#8221;{}&#8221;][et_pb_column type=&#8221;1_2&#8243; _builder_version=&#8221;4.27.2&#8243; _module_preset=&#8221;default&#8221; global_colors_info=&#8221;{}&#8221;][et_pb_text _builder_version=&#8221;4.27.2&#8243; _module_preset=&#8221;default&#8221; global_colors_info=&#8221;{}&#8221;]<\/p>\n<h3 style=\"text-align: center;\">Fizet\u00e9s<\/h3>\n<p>&nbsp;<\/p>\n<p>A b\u00e9rleti d\u00edj kifizet\u00e9s\u00e9t a b\u00e9rl\u00e9st k\u00f6vet\u0151en k\u00e9szp\u00e9nzzel tudj\u00e1tok rendezni.<\/p>\n<p>4 \u00f3r\u00e1t meghalad\u00f3 b\u00e9rl\u00e9sek est\u00e9ben a b\u00e9rleti d\u00edj 50%-\u00e1t jogosultak vagyunk el\u0151legk\u00e9nt elk\u00e9rni.<\/p>\n<p>\u00c1f\u00e1s sz\u00e1mla ig\u00e9ny\u00e9t a foglal\u00f3 emailben tudj\u00e1tok nek\u00fcnk jelezni.<\/p>\n<p>Amennyiben c\u00e9gk\u00e9nt szeretn\u00e9tek t\u0151l\u00fcnk \u00c1f\u00e1s sz\u00e1ml\u00e1t k\u00e9rni, 27% k\u00f6lts\u00e9gt\u00f6bblettel sz\u00e1moljatok.<\/p>\n<p>&nbsp;<\/p>\n<p>[\/et_pb_text][\/et_pb_column][et_pb_column type=&#8221;1_2&#8243; _builder_version=&#8221;4.27.2&#8243; _module_preset=&#8221;default&#8221; global_colors_info=&#8221;{}&#8221;][et_pb_text _builder_version=&#8221;4.27.2&#8243; _module_preset=&#8221;default&#8221; global_colors_info=&#8221;{}&#8221;]<\/p>\n<h3 style=\"text-align: center;\">Priv\u00e1t helyis\u00e9gek<\/h3>\n<p>&nbsp;<\/p>\n<p>A st\u00fadi\u00f3 priv\u00e1t helyis\u00e9geibe bel\u00e9pni tilos, a szab\u00e1ly megszeg\u00e9se a b\u00e9rl\u00e9s felf\u00fcggeszt\u00e9s\u00e9t, illetve a st\u00fadi\u00f3b\u00f3l val\u00f3 kitilt\u00e1st vonhat maga ut\u00e1n.<\/p>\n<p>[\/et_pb_text][\/et_pb_column][\/et_pb_row][\/et_pb_section][et_pb_section fb_built=&#8221;1&#8243; _builder_version=&#8221;4.27.2&#8243; _module_preset=&#8221;default&#8221; background_color=&#8221;#fcfcfc&#8221; global_module=&#8221;258354&#8243; saved_tabs=&#8221;all&#8221; global_colors_info=&#8221;{}&#8221;][\/et_pb_section]<\/p>\n","protected":false},"excerpt":{"rendered":"<p>Foglal\u00e1s &nbsp; Id\u0151pontot Online tudtok foglalni az &#8220;Id\u0151pontfoglal\u00f3&#8221; k\u00e9rd\u0151\u00edven kereszt\u00fcl, ahol meg kell adni a neved, email c\u00edmed, telefonsz\u00e1mod, a foglal\u00e1s d\u00e1tum\u00e1t \u00e9s id\u0151pontj\u00e1t, valamint \u00fczenetet is tudtok rajta kereszt\u00fcl k\u00fcldeni nek\u00fcnk. Amennyiben nem \u00e1ll m\u00f3dodban kit\u00f6lteni az id\u0151pontfoglal\u00f3 \u00edvet, a foglalas@studioastoria.hu levelez\u00e9si c\u00edmen tudj\u00e1tok vel\u00fcnk felvenni a kapcsolatot, vagy a +36707092708 -as telefonsz\u00e1mon. Minden [&hellip;]<\/p>\n","protected":false},"author":1,"featured_media":258894,"parent":0,"menu_order":0,"comment_status":"closed","ping_status":"closed","template":"","meta":{"_et_pb_use_builder":"on","_et_pb_old_content":"<!-- wp:divi\/placeholder \/-->","_et_gb_content_width":"","inline_featured_image":false,"footnotes":""},"class_list":["post-28","page","type-page","status-publish","has-post-thumbnail","hentry"],"_links":{"self":[{"href":"https:\/\/studioastoria.hu\/index.php\/wp-json\/wp\/v2\/pages\/28","targetHints":{"allow":["GET"]}}],"collection":[{"href":"https:\/\/studioastoria.hu\/index.php\/wp-json\/wp\/v2\/pages"}],"about":[{"href":"https:\/\/studioastoria.hu\/index.php\/wp-json\/wp\/v2\/types\/page"}],"author":[{"embeddable":true,"href":"https:\/\/studioastoria.hu\/index.php\/wp-json\/wp\/v2\/users\/1"}],"replies":[{"embeddable":true,"href":"https:\/\/studioastoria.hu\/index.php\/wp-json\/wp\/v2\/comments?post=28"}],"version-history":[{"count":14,"href":"https:\/\/studioastoria.hu\/index.php\/wp-json\/wp\/v2\/pages\/28\/revisions"}],"predecessor-version":[{"id":258957,"href":"https:\/\/studioastoria.hu\/index.php\/wp-json\/wp\/v2\/pages\/28\/revisions\/258957"}],"wp:featuredmedia":[{"embeddable":true,"href":"https:\/\/studioastoria.hu\/index.php\/wp-json\/wp\/v2\/media\/258894"}],"wp:attachment":[{"href":"https:\/\/studioastoria.hu\/index.php\/wp-json\/wp\/v2\/media?parent=28"}],"curies":[{"name":"wp","href":"https:\/\/api.w.org\/{rel}","templated":true}]}}