{"id":258356,"date":"2024-10-23T11:58:54","date_gmt":"2024-10-23T11:58:54","guid":{"rendered":"http:\/\/studioastoria.hu\/?page_id=258356"},"modified":"2026-02-25T10:46:27","modified_gmt":"2026-02-25T10:46:27","slug":"sminkszalon","status":"publish","type":"page","link":"https:\/\/studioastoria.hu\/index.php\/sminkszalon\/","title":{"rendered":"Sminkszalon"},"content":{"rendered":"<p>[et_pb_section fb_built=&#8221;1&#8243; fullwidth=&#8221;on&#8221; _builder_version=&#8221;4.27.2&#8243; _module_preset=&#8221;default&#8221; background_color=&#8221;rgba(0,0,0,0.83)&#8221; background_image=&#8221;http:\/\/studioastoria.hu\/wp-content\/uploads\/2024\/10\/IMI_5744-Edit.jpg&#8221; parallax=&#8221;on&#8221; background_blend=&#8221;hue&#8221; global_colors_info=&#8221;{}&#8221;][et_pb_fullwidth_post_title meta=&#8221;off&#8221; featured_image=&#8221;off&#8221; _builder_version=&#8221;4.27.2&#8243; _module_preset=&#8221;default&#8221; title_text_align=&#8221;center&#8221; title_text_color=&#8221;#FFFFFF&#8221; title_font_size=&#8221;73px&#8221; background_color=&#8221;#eac5bb&#8221; custom_padding=&#8221;109px||109px||true|&#8221; title_font_size_tablet=&#8221;73px&#8221; title_font_size_phone=&#8221;42px&#8221; title_font_size_last_edited=&#8221;on|phone&#8221; global_colors_info=&#8221;{}&#8221;][\/et_pb_fullwidth_post_title][\/et_pb_section][et_pb_section fb_built=&#8221;1&#8243; _builder_version=&#8221;4.27.2&#8243; _module_preset=&#8221;default&#8221; global_colors_info=&#8221;{}&#8221;][et_pb_row column_structure=&#8221;1_2,1_2&#8243; _builder_version=&#8221;4.27.2&#8243; _module_preset=&#8221;default&#8221; global_colors_info=&#8221;{}&#8221;][et_pb_column type=&#8221;1_2&#8243; _builder_version=&#8221;4.27.2&#8243; _module_preset=&#8221;default&#8221; global_colors_info=&#8221;{}&#8221;][et_pb_text _builder_version=&#8221;4.27.2&#8243; _module_preset=&#8221;default&#8221; global_colors_info=&#8221;{}&#8221;]<\/p>\n<p><span>Felszerelt, hangulatos, napf\u00e9nyes sminkszalonnal v\u00e1runk Bennetek! <\/span><span>3 db kivil\u00e1g\u00edtott t\u00fckr\u00f6s sminkhellyel k\u00e9sz\u00fclt\u00fcnk Nektek, \u00e9s egy plusz \u00f6sszerakhat\u00f3 sminkes \u00e1ll\u00e1ssal. A szalonban vend\u00e9geket is tudtok fogadni, illetve oktat\u00e1st is tudtok tartani. Sminkes Szalonunk nem csak sz\u00e9pen berendezett, de j\u00f3l felszerelt, k\u00fcl\u00f6nb\u00f6z\u0151 smink term\u00e9keket, ecseteket is tudtok haszn\u00e1lni, ehhez el\u0151re egyeztet\u00e9s sz\u00fcks\u00e9ges.<\/span><\/p>\n<p>[\/et_pb_text][\/et_pb_column][et_pb_column type=&#8221;1_2&#8243; _builder_version=&#8221;4.27.2&#8243; _module_preset=&#8221;default&#8221; global_colors_info=&#8221;{}&#8221;][et_pb_image src=&#8221;http:\/\/studioastoria.hu\/wp-content\/uploads\/2024\/10\/IM23436.jpg&#8221; title_text=&#8221;_IM23436&#8243; _builder_version=&#8221;4.27.2&#8243; _module_preset=&#8221;default&#8221; global_colors_info=&#8221;{}&#8221;][\/et_pb_image][\/et_pb_column][\/et_pb_row][et_pb_row column_structure=&#8221;1_2,1_2&#8243; _builder_version=&#8221;4.27.2&#8243; _module_preset=&#8221;default&#8221; global_colors_info=&#8221;{}&#8221;][et_pb_column type=&#8221;1_2&#8243; _builder_version=&#8221;4.27.2&#8243; _module_preset=&#8221;default&#8221; global_colors_info=&#8221;{}&#8221;][et_pb_image src=&#8221;http:\/\/studioastoria.hu\/wp-content\/uploads\/2024\/11\/IM23438.jpg&#8221; title_text=&#8221;_IM23438&#8243; _builder_version=&#8221;4.27.2&#8243; _module_preset=&#8221;default&#8221; global_colors_info=&#8221;{}&#8221;][\/et_pb_image][\/et_pb_column][et_pb_column type=&#8221;1_2&#8243; _builder_version=&#8221;4.27.2&#8243; _module_preset=&#8221;default&#8221; global_colors_info=&#8221;{}&#8221;][et_pb_text _builder_version=&#8221;4.27.2&#8243; _module_preset=&#8221;default&#8221; global_colors_info=&#8221;{}&#8221;]<\/p>\n<p>A nagy ablaknak \u00e9s a kedvez\u0151 t\u00e1jol\u00e1snak k\u00f6sz\u00f6nhet\u0151en a sminkszalonban is gy\u00f6ny\u00f6r\u0171 f\u00e9nyek vannak, napk\u00f6zben a k\u00e1v\u00e9 sz\u00edn\u0171 falaknak k\u00f6sz\u00f6nhet\u0151en gy\u00f6ny\u00f6r\u0171, meleg hangulat\u00fa k\u00e9peket k\u00e9sz\u00edthettek a teremben.\u00a0<\/p>\n<p><strong>A sminkeszk\u00f6z\u00f6k haszn\u00e1lata ingyenes!<\/strong><\/p>\n<p>&nbsp;<\/p>\n<p id=\"wnd_TextBlock_448002681_inner_3\" data-wnd_is_separable=\"1\" data-wnd_separable_index=\"3\" data-wnd_separable_id=\"wnd_TextBlock_448002681\"><strong>M\u00e9retek<\/strong><\/p>\n<p id=\"wnd_TextBlock_448002681_inner_4\" data-wnd_is_separable=\"1\" data-wnd_separable_index=\"4\" data-wnd_separable_id=\"wnd_TextBlock_448002681\">Hossz\u00fas\u00e1g: 5,3m<br \/>Sz\u00e9less\u00e9g: 4,5m &#8211; 3,9m<br \/>Belmagass\u00e1g: 3,7m\u00a0<\/p>\n<p>[\/et_pb_text][\/et_pb_column][\/et_pb_row][\/et_pb_section][et_pb_section fb_built=&#8221;1&#8243; _builder_version=&#8221;4.27.2&#8243; _module_preset=&#8221;default&#8221; background_color=&#8221;#D6D6D6&#8243; global_colors_info=&#8221;{}&#8221;][et_pb_row _builder_version=&#8221;4.27.2&#8243; _module_preset=&#8221;default&#8221; global_colors_info=&#8221;{}&#8221;][et_pb_column type=&#8221;4_4&#8243; _builder_version=&#8221;4.27.2&#8243; _module_preset=&#8221;default&#8221; global_colors_info=&#8221;{}&#8221;][et_pb_pricing_tables _builder_version=&#8221;4.27.2&#8243; _module_preset=&#8221;default&#8221; link_option_url=&#8221;https:\/\/studioastoria.hu\/index.php\/kapcsolat\/&#8221; global_colors_info=&#8221;{}&#8221;][et_pb_pricing_table featured=&#8221;on&#8221; title=&#8221;Min. 2 \u00f3r\u00e1s b\u00e9rl\u00e9s eset\u00e9n&#8221; subtitle=&#8221;B\u00e9rl\u00e9s&#8221; per=&#8221;\u00d3ra&#8221; sum=&#8221;6000Ft&#8221; button_url=&#8221;https:\/\/studioastoria.hu\/index.php\/kapcsolat\/&#8221; button_text=&#8221;FOGLALJ MOST!&#8221; bullet_color=&#8221;#000000&#8243; header_background_color=&#8221;#bc9d00&#8243; _builder_version=&#8221;4.27.2&#8243; _module_preset=&#8221;default&#8221; price_text_color=&#8221;#000000&#8243; price_font_size=&#8221;60px&#8221; custom_button=&#8221;on&#8221; button_text_color=&#8221;#E09900&#8243; global_colors_info=&#8221;{}&#8221; sticky_transition=&#8221;on&#8221;]<\/p>\n<p><span style=\"color: #000000;\">Minimum 2 \u00f3r\u00e1s b\u00e9rl\u00e9s eset\u00e9n<\/span><\/p>\n<p><span>Di\u00e1kkedvezm\u00e9nnyel!<br \/><span style=\"color: #000000;\">5000 Ft\/\u00f3ra<\/span><\/span><\/p>\n<p>[\/et_pb_pricing_table][et_pb_pricing_table title=&#8221;Eg\u00e9sz napos&#8221; subtitle=&#8221;B\u00e9rl\u00e9s (09-19h)&#8221; sum=&#8221;60.000Ft&#8221; button_url=&#8221;https:\/\/studioastoria.hu\/index.php\/kapcsolat\/&#8221; button_text=&#8221;FOGLALJ MOST!&#8221; bullet_color=&#8221;#000000&#8243; header_background_color=&#8221;#000000&#8243; _builder_version=&#8221;4.27.2&#8243; _module_preset=&#8221;default&#8221; price_text_color=&#8221;#000000&#8243; price_font_size=&#8221;60px&#8221; custom_button=&#8221;on&#8221; button_text_color=&#8221;#E09900&#8243; global_colors_info=&#8221;{}&#8221; sticky_transition=&#8221;on&#8221;]<\/p>\n<p>Di\u00e1kkedvezm\u00e9nnyel!<\/p>\n<p><span><span style=\"color: #000000;\">50.000 Ft<\/span><\/span><\/p>\n<p>[\/et_pb_pricing_table][\/et_pb_pricing_tables][et_pb_pricing_tables _builder_version=&#8221;4.27.2&#8243; _module_preset=&#8221;default&#8221; link_option_url=&#8221;https:\/\/studioastoria.hu\/index.php\/kapcsolat\/&#8221; global_colors_info=&#8221;{}&#8221;][et_pb_pricing_table featured=&#8221;on&#8221; title=&#8221;Teljes St\u00fadi\u00f3&#8221; subtitle=&#8221;B\u00e9rl\u00e9se (minimum 2 \u00f3r\u00e1s b\u00e9rl\u00e9s eset\u00e9n)&#8221; per=&#8221;\u00d3ra&#8221; sum=&#8221;9000Ft&#8221; button_url=&#8221;https:\/\/studioastoria.hu\/index.php\/kapcsolat\/&#8221; button_text=&#8221;FOGLALJ MOST!&#8221; bullet_color=&#8221;#000000&#8243; header_background_color=&#8221;#bc9d00&#8243; _builder_version=&#8221;4.27.2&#8243; _module_preset=&#8221;default&#8221; price_text_color=&#8221;#000000&#8243; price_font_size=&#8221;60px&#8221; custom_button=&#8221;on&#8221; button_text_color=&#8221;#E09900&#8243; global_colors_info=&#8221;{}&#8221; sticky_transition=&#8221;on&#8221;]<\/p>\n<ul class=\"et_pb_pricing\">\n<li><span><span style=\"color: #000000;\">A St\u00fadi\u00f3 eg\u00e9sz ter\u00fclete, mindk\u00e9t teremmel, \u00e9s az el\u0151t\u00e9rrel csak a Ti\u00e9d!<\/span><\/span><\/li>\n<li><span><span>Di\u00e1kkedvezm\u00e9nnyel!<\/span><\/span><\/li>\n<li><span><span style=\"color: #000000;\">7500 Ft\/\u00f3ra<\/span><\/span><\/li>\n<\/ul>\n<p>[\/et_pb_pricing_table][et_pb_pricing_table title=&#8221;Teljes St\u00fadi\u00f3&#8221; subtitle=&#8221;B\u00e9rl\u00e9se eg\u00e9sz napra&#8221; sum=&#8221;90.000Ft&#8221; button_url=&#8221;https:\/\/studioastoria.hu\/index.php\/kapcsolat\/&#8221; button_text=&#8221;FOGLALJ MOST!&#8221; bullet_color=&#8221;#000000&#8243; header_background_color=&#8221;#000000&#8243; _builder_version=&#8221;4.27.2&#8243; _module_preset=&#8221;default&#8221; price_text_color=&#8221;#000000&#8243; price_font_size=&#8221;60px&#8221; custom_button=&#8221;on&#8221; button_text_color=&#8221;#E09900&#8243; global_colors_info=&#8221;{}&#8221; sticky_transition=&#8221;on&#8221;]<\/p>\n<p><span>A St\u00fadi\u00f3 eg\u00e9sz ter\u00fclete, mindk\u00e9t teremmel, \u00e9s az el\u0151t\u00e9rrel eg\u00e9sz napra csak a Ti\u00e9d!<\/span><\/p>\n<p><span>Di\u00e1kkedvezm\u00e9nnyel!<\/span><\/p>\n<p><span><span style=\"color: #000000;\">75.000 Ft<\/span><\/span><\/p>\n<p>[\/et_pb_pricing_table][\/et_pb_pricing_tables][\/et_pb_column][\/et_pb_row][\/et_pb_section][et_pb_section fb_built=&#8221;1&#8243; _builder_version=&#8221;4.27.2&#8243; _module_preset=&#8221;default&#8221; global_colors_info=&#8221;{}&#8221;][et_pb_row _builder_version=&#8221;4.27.2&#8243; _module_preset=&#8221;default&#8221; global_colors_info=&#8221;{}&#8221;][et_pb_column type=&#8221;4_4&#8243; _builder_version=&#8221;4.27.2&#8243; _module_preset=&#8221;default&#8221; global_colors_info=&#8221;{}&#8221;][et_pb_code _builder_version=&#8221;4.27.2&#8243; _module_preset=&#8221;default&#8221; background_color=&#8221;#d8aba4&#8243; text_orientation=&#8221;left&#8221; box_shadow_style=&#8221;preset1&#8243; global_colors_info=&#8221;{}&#8221;]<iframe loading=\"lazy\" src=\"https:\/\/calendar.google.com\/calendar\/embed?src=97effeec56b6645889b7c926f8fc5890c093dd2f9df07bc48e130785e51fdb08%40group.calendar.google.com&#038;ctz=Europe%2FBudapest\" style=\"border: 0\" width=\"800\" height=\"600\" frameborder=\"0\" scrolling=\"no\"><\/iframe>[\/et_pb_code][\/et_pb_column][\/et_pb_row][\/et_pb_section]<\/p>\n","protected":false},"excerpt":{"rendered":"<p>Felszerelt, hangulatos, napf\u00e9nyes sminkszalonnal v\u00e1runk Bennetek! 3 db kivil\u00e1g\u00edtott t\u00fckr\u00f6s sminkhellyel k\u00e9sz\u00fclt\u00fcnk Nektek, \u00e9s egy plusz \u00f6sszerakhat\u00f3 sminkes \u00e1ll\u00e1ssal. A szalonban vend\u00e9geket is tudtok fogadni, illetve oktat\u00e1st is tudtok tartani. Sminkes Szalonunk nem csak sz\u00e9pen berendezett, de j\u00f3l felszerelt, k\u00fcl\u00f6nb\u00f6z\u0151 smink term\u00e9keket, ecseteket is tudtok haszn\u00e1lni, ehhez el\u0151re egyeztet\u00e9s sz\u00fcks\u00e9ges.A nagy ablaknak \u00e9s a kedvez\u0151 [&hellip;]<\/p>\n","protected":false},"author":1,"featured_media":258891,"parent":0,"menu_order":0,"comment_status":"closed","ping_status":"closed","template":"","meta":{"_et_pb_use_builder":"on","_et_pb_old_content":"<!-- wp:divi\/placeholder \/-->","_et_gb_content_width":"","inline_featured_image":false,"footnotes":""},"class_list":["post-258356","page","type-page","status-publish","has-post-thumbnail","hentry"],"_links":{"self":[{"href":"https:\/\/studioastoria.hu\/index.php\/wp-json\/wp\/v2\/pages\/258356","targetHints":{"allow":["GET"]}}],"collection":[{"href":"https:\/\/studioastoria.hu\/index.php\/wp-json\/wp\/v2\/pages"}],"about":[{"href":"https:\/\/studioastoria.hu\/index.php\/wp-json\/wp\/v2\/types\/page"}],"author":[{"embeddable":true,"href":"https:\/\/studioastoria.hu\/index.php\/wp-json\/wp\/v2\/users\/1"}],"replies":[{"embeddable":true,"href":"https:\/\/studioastoria.hu\/index.php\/wp-json\/wp\/v2\/comments?post=258356"}],"version-history":[{"count":42,"href":"https:\/\/studioastoria.hu\/index.php\/wp-json\/wp\/v2\/pages\/258356\/revisions"}],"predecessor-version":[{"id":259036,"href":"https:\/\/studioastoria.hu\/index.php\/wp-json\/wp\/v2\/pages\/258356\/revisions\/259036"}],"wp:featuredmedia":[{"embeddable":true,"href":"https:\/\/studioastoria.hu\/index.php\/wp-json\/wp\/v2\/media\/258891"}],"wp:attachment":[{"href":"https:\/\/studioastoria.hu\/index.php\/wp-json\/wp\/v2\/media?parent=258356"}],"curies":[{"name":"wp","href":"https:\/\/api.w.org\/{rel}","templated":true}]}}