{"id":24,"date":"2024-10-23T08:21:43","date_gmt":"2024-10-23T08:21:43","guid":{"rendered":"http:\/\/studioastoria.hu\/?page_id=24"},"modified":"2024-12-05T12:35:23","modified_gmt":"2024-12-05T12:35:23","slug":"rolunk","status":"publish","type":"page","link":"https:\/\/studioastoria.hu\/index.php\/rolunk\/","title":{"rendered":"R\u00f3lunk"},"content":{"rendered":"<p>[et_pb_section fb_built=&#8221;1&#8243; fullwidth=&#8221;on&#8221; _builder_version=&#8221;4.27.2&#8243; _module_preset=&#8221;default&#8221; background_color=&#8221;rgba(0,0,0,0.83)&#8221; background_image=&#8221;http:\/\/studioastoria.hu\/wp-content\/uploads\/2024\/10\/IMI_5744-Edit.jpg&#8221; parallax=&#8221;on&#8221; background_blend=&#8221;hue&#8221; global_colors_info=&#8221;{}&#8221;][et_pb_fullwidth_post_title meta=&#8221;off&#8221; featured_image=&#8221;off&#8221; _builder_version=&#8221;4.27.2&#8243; _module_preset=&#8221;default&#8221; title_text_align=&#8221;center&#8221; title_text_color=&#8221;#FFFFFF&#8221; title_font_size=&#8221;73px&#8221; background_color=&#8221;#000000&#8243; custom_padding=&#8221;109px||109px||true|&#8221; title_font_size_tablet=&#8221;73px&#8221; title_font_size_phone=&#8221;42px&#8221; title_font_size_last_edited=&#8221;on|phone&#8221; global_colors_info=&#8221;{}&#8221;][\/et_pb_fullwidth_post_title][\/et_pb_section][et_pb_section fb_built=&#8221;1&#8243; _builder_version=&#8221;4.27.2&#8243; _module_preset=&#8221;default&#8221; global_colors_info=&#8221;{}&#8221;][et_pb_row column_structure=&#8221;1_2,1_2&#8243; _builder_version=&#8221;4.27.2&#8243; _module_preset=&#8221;default&#8221; global_colors_info=&#8221;{}&#8221;][et_pb_column type=&#8221;1_2&#8243; _builder_version=&#8221;4.27.2&#8243; _module_preset=&#8221;default&#8221; global_colors_info=&#8221;{}&#8221;][et_pb_text _builder_version=&#8221;4.27.2&#8243; _module_preset=&#8221;default&#8221; global_colors_info=&#8221;{}&#8221;]<\/p>\n<p>R\u00f3lunk-Studio Astoria<\/p>\n<p>St\u00fadi\u00f3nk 2024 Janu\u00e1rj\u00e1ban ny\u00edlt meg, eleinte mag\u00e1n c\u00e9lra haszn\u00e1latos st\u00fadi\u00f3k\u00e9nt. Ahogy teltek a h\u00f3napok, felmer\u00fclt, hogy lenne ig\u00e9ny a helyre, mint b\u00e9relhet\u0151 alkot\u00f3t\u00e9r, \u00edgy elkezdt\u00fcnk tervezni, gondolkodni, hogyan tudn\u00e1nk a st\u00fadi\u00f3t megnyitni a nagyk\u00f6z\u00f6ns\u00e9g el\u0151tt.<\/p>\n<p>Id\u0151 hi\u00e1ny\u00e1ban, illetve a 2024-es \u00e9v v\u00e1ratlan kih\u00edv\u00e1sainak k\u00f6sz\u00f6nhet\u0151en a kapunyit\u00e1s sajnos \u00e9v v\u00e9g\u00e9re cs\u00faszott. De mi t\u00f6retlen\u00fcl dolgozunk azon, hogy szebbek \u00e9s jobbak legy\u00fcnk, \u00e9s min\u00e9l t\u00f6bb lehet\u0151s\u00e9ggel tudjunk v\u00e1rni Titeket!<\/p>\n<p>A c\u00e9lunk, hogy egy otthonos, p\u00e9nzt\u00e1rcabar\u00e1t alkot\u00f3m\u0171helyt tudjunk fenntartani a szakmabelieknek, k\u00fcl\u00f6n\u00f6sen gondolva a szakm\u00e1t m\u00e9g tanul\u00f3 koll\u00e9g\u00e1kra.<\/p>\n<p>&nbsp;<\/p>\n<p>[\/et_pb_text][\/et_pb_column][et_pb_column type=&#8221;1_2&#8243; _builder_version=&#8221;4.27.2&#8243; _module_preset=&#8221;default&#8221; global_colors_info=&#8221;{}&#8221;][et_pb_image src=&#8221;http:\/\/studioastoria.hu\/wp-content\/uploads\/2024\/11\/IMI_5698.jpg&#8221; title_text=&#8221;IMI_5698&#8243; _builder_version=&#8221;4.27.2&#8243; _module_preset=&#8221;default&#8221; global_colors_info=&#8221;{}&#8221;][\/et_pb_image][\/et_pb_column][\/et_pb_row][\/et_pb_section][et_pb_section fb_built=&#8221;1&#8243; _builder_version=&#8221;4.27.2&#8243; _module_preset=&#8221;default&#8221; global_colors_info=&#8221;{}&#8221;][et_pb_row _builder_version=&#8221;4.27.2&#8243; _module_preset=&#8221;default&#8221; global_colors_info=&#8221;{}&#8221;][et_pb_column type=&#8221;4_4&#8243; _builder_version=&#8221;4.27.2&#8243; _module_preset=&#8221;default&#8221; global_colors_info=&#8221;{}&#8221;][et_pb_text _builder_version=&#8221;4.27.2&#8243; _module_preset=&#8221;default&#8221; global_colors_info=&#8221;{}&#8221;]<\/p>\n<h2 style=\"text-align: center;\">St\u00fadi\u00f3nk P\u00e1r k\u00e9pben<\/h2>\n<p>[\/et_pb_text][\/et_pb_column][\/et_pb_row][et_pb_row _builder_version=&#8221;4.27.2&#8243; _module_preset=&#8221;default&#8221; global_colors_info=&#8221;{}&#8221;][et_pb_column type=&#8221;4_4&#8243; _builder_version=&#8221;4.27.2&#8243; _module_preset=&#8221;default&#8221; global_colors_info=&#8221;{}&#8221;][et_pb_gallery gallery_ids=&#8221;258557,258406,258784,258785,258787,258786,258403,258781,258782,258421,258780,258783&#8243; posts_number=&#8221;14&#8243; show_title_and_caption=&#8221;off&#8221; _builder_version=&#8221;4.27.2&#8243; _module_preset=&#8221;default&#8221; global_colors_info=&#8221;{}&#8221;][\/et_pb_gallery][\/et_pb_column][\/et_pb_row][\/et_pb_section][et_pb_section fb_built=&#8221;1&#8243; _builder_version=&#8221;4.27.2&#8243; _module_preset=&#8221;default&#8221; global_colors_info=&#8221;{}&#8221;][et_pb_row _builder_version=&#8221;4.27.2&#8243; _module_preset=&#8221;default&#8221; global_colors_info=&#8221;{}&#8221;][et_pb_column type=&#8221;4_4&#8243; _builder_version=&#8221;4.27.2&#8243; _module_preset=&#8221;default&#8221; global_colors_info=&#8221;{}&#8221;][et_pb_text _builder_version=&#8221;4.27.2&#8243; _module_preset=&#8221;default&#8221; global_colors_info=&#8221;{}&#8221;]<\/p>\n<h2 style=\"text-align: center;\">N\u00e1lunk k\u00e9sz\u00fclt<\/h2>\n<p style=\"text-align: center;\">#studioastoriabp<\/p>\n<p>[\/et_pb_text][\/et_pb_column][\/et_pb_row][et_pb_row _builder_version=&#8221;4.27.2&#8243; _module_preset=&#8221;default&#8221; global_colors_info=&#8221;{}&#8221;][et_pb_column type=&#8221;4_4&#8243; _builder_version=&#8221;4.27.2&#8243; _module_preset=&#8221;default&#8221; global_colors_info=&#8221;{}&#8221;][et_pb_gallery gallery_ids=&#8221;258473,258474,258475,258476,258462,258464,258789,258790,258874,258792,258793,258794,258795,258796,258798,258797,258799,258800,258801,258802,258803,258804,258805,258806,258807&#8243; orientation=&#8221;portrait&#8221; show_title_and_caption=&#8221;off&#8221; _builder_version=&#8221;4.27.2&#8243; _module_preset=&#8221;default&#8221; hover_enabled=&#8221;0&#8243; global_colors_info=&#8221;{}&#8221; sticky_enabled=&#8221;0&#8243;][\/et_pb_gallery][et_pb_button button_url=&#8221;https:\/\/studioastoria.hu\/index.php\/kapcsolat\/&#8221; button_text=&#8221;Tekintsetek be hozz\u00e1nk!&#8221; button_alignment=&#8221;center&#8221; _builder_version=&#8221;4.27.2&#8243; _module_preset=&#8221;default&#8221; global_colors_info=&#8221;{}&#8221;][\/et_pb_button][\/et_pb_column][\/et_pb_row][\/et_pb_section]<\/p>\n","protected":false},"excerpt":{"rendered":"<p>R\u00f3lunk-Studio Astoria St\u00fadi\u00f3nk 2024 Janu\u00e1rj\u00e1ban ny\u00edlt meg, eleinte mag\u00e1n c\u00e9lra haszn\u00e1latos st\u00fadi\u00f3k\u00e9nt. Ahogy teltek a h\u00f3napok, felmer\u00fclt, hogy lenne ig\u00e9ny a helyre, mint b\u00e9relhet\u0151 alkot\u00f3t\u00e9r, \u00edgy elkezdt\u00fcnk tervezni, gondolkodni, hogyan tudn\u00e1nk a st\u00fadi\u00f3t megnyitni a nagyk\u00f6z\u00f6ns\u00e9g el\u0151tt. Id\u0151 hi\u00e1ny\u00e1ban, illetve a 2024-es \u00e9v v\u00e1ratlan kih\u00edv\u00e1sainak k\u00f6sz\u00f6nhet\u0151en a kapunyit\u00e1s sajnos \u00e9v v\u00e9g\u00e9re cs\u00faszott. De mi t\u00f6retlen\u00fcl [&hellip;]<\/p>\n","protected":false},"author":1,"featured_media":258889,"parent":0,"menu_order":0,"comment_status":"closed","ping_status":"closed","template":"","meta":{"_et_pb_use_builder":"on","_et_pb_old_content":"<!-- wp:divi\/placeholder \/-->","_et_gb_content_width":"","inline_featured_image":false,"footnotes":""},"class_list":["post-24","page","type-page","status-publish","has-post-thumbnail","hentry"],"_links":{"self":[{"href":"https:\/\/studioastoria.hu\/index.php\/wp-json\/wp\/v2\/pages\/24","targetHints":{"allow":["GET"]}}],"collection":[{"href":"https:\/\/studioastoria.hu\/index.php\/wp-json\/wp\/v2\/pages"}],"about":[{"href":"https:\/\/studioastoria.hu\/index.php\/wp-json\/wp\/v2\/types\/page"}],"author":[{"embeddable":true,"href":"https:\/\/studioastoria.hu\/index.php\/wp-json\/wp\/v2\/users\/1"}],"replies":[{"embeddable":true,"href":"https:\/\/studioastoria.hu\/index.php\/wp-json\/wp\/v2\/comments?post=24"}],"version-history":[{"count":18,"href":"https:\/\/studioastoria.hu\/index.php\/wp-json\/wp\/v2\/pages\/24\/revisions"}],"predecessor-version":[{"id":258953,"href":"https:\/\/studioastoria.hu\/index.php\/wp-json\/wp\/v2\/pages\/24\/revisions\/258953"}],"wp:featuredmedia":[{"embeddable":true,"href":"https:\/\/studioastoria.hu\/index.php\/wp-json\/wp\/v2\/media\/258889"}],"wp:attachment":[{"href":"https:\/\/studioastoria.hu\/index.php\/wp-json\/wp\/v2\/media?parent=24"}],"curies":[{"name":"wp","href":"https:\/\/api.w.org\/{rel}","templated":true}]}}